{"id":1369,"date":"2018-10-22T12:08:53","date_gmt":"2018-10-22T10:08:53","guid":{"rendered":"https:\/\/www.torosrl.it\/privacy-policy\/"},"modified":"2020-09-07T09:50:49","modified_gmt":"2020-09-07T07:50:49","slug":"privacy-policy","status":"publish","type":"page","link":"https:\/\/www.torosrl.it\/it\/privacy-policy\/","title":{"rendered":"Privacy Policy"},"content":{"rendered":"<p>Dati Societari:<\/p>\n<p><strong>Toro S.r.L.<\/strong><br \/>\nCalata Capodichino, 266<br \/>\n80141 \u2013 Napoli, Italia<br \/>\nVAT: IT07288981215<br \/>\nREA: NA &#8211; 874396<br \/>\nCap. sociale: euro 10.000,00<br \/>\nTelefono: +39 081 0641280<\/p>\n<h2>Perch\u00e9 questo avviso<\/h2>\n<p>In questa pagina si descrivono le modalit\u00e0 di gestione del sito in riferimento al trattamento dei dati personali degli utenti che lo consultano.<\/p>\n<p>Si tratta di un\u2019informativa che \u00e8 resa anche ai sensi del Regolamento europeo per la protezione dei dati personali n. 679\/2016, GDPR e successive modifiche a coloro che interagiscono con i servizi web di Toro S.r.L. (per la protezione dei dati personali, accessibili per via telematica a partire dall\u2019indirizzo:\u00a0<a href=\"https:\/\/www.torosrl.it\">https:\/\/www.torosrl.it<\/a> alla pagina iniziale del sito ufficiale di Toro S.r.L.).<\/p>\n<p>L\u2019informativa \u00e8 resa solo per il sito di Toro S.r.L. e non anche per altri siti web eventualmente consultati dall\u2019utente tramite link.<\/p>\n<p>L\u2019informativa si ispira anche alla Raccomandazione n. 2\/2001 che le autorit\u00e0 europee per la protezione dei dati personali, riunite nel Gruppo istituito dall\u2019art. 29 della direttiva n. 95\/46\/CE, hanno adottato il 17 maggio 2001 per individuare alcuni requisiti minimi per la raccolta di dati personali on-line, e, in particolare, le modalit\u00e0, i tempi e la natura delle informazioni che i titolari del trattamento devono fornire agli utenti quando questi si collegano a pagine web, indipendentemente dagli scopi del collegamento.<\/p>\n<h2>Il \u201cTitolare\u201d del trattamento<\/h2>\n<p>A seguito della consultazione di questo sito possono essere trattati dati relativi a persone identificate o identificabili.<\/p>\n<p>Il \u201ctitolare\u201d del loro trattamento \u00e8 Toro S.r.L., che ha sede legale in: Calata Capodichino, 266 &#8211; 80141 \u2013 Napoli (Na)<\/p>\n<h2>Tipi di dati trattati<\/h2>\n<h4>Dati di navigazione<\/h4>\n<p>I sistemi informatici e le procedure software preposte al funzionamento di questo sito web acquisiscono, nel corso del loro normale esercizio, alcuni dati personali la cui trasmissione \u00e8 implicita nell\u2019uso dei protocolli di comunicazione di Internet.<\/p>\n<p>Si tratta di informazioni che non sono raccolte per essere associate a interessati identificati, ma che per loro stessa natura potrebbero, attraverso elaborazioni ed associazioni con dati detenuti da terzi, permettere di identificare gli utenti.<\/p>\n<p>In questa categoria di dati rientrano gli indirizzi IP o i nomi a dominio dei computer utilizzati dagli utenti che si connettono al sito, gli indirizzi in notazione URI (Uniform Resource Identifier) delle risorse richieste, l\u2019orario della richiesta, il metodo utilizzato nel sottoporre la richiesta al server, la dimensione del file ottenuto in risposta, il codice numerico indicante lo stato della risposta data dal server (buon fine, errore, ecc.) ed altri parametri relativi al sistema operativo e all\u2019ambiente informatico dell\u2019utente.<\/p>\n<p>Questi dati vengono utilizzati al solo fine di ricavare informazioni statistiche anonime sull\u2019uso del sito e per controllarne il corretto funzionamento e vengono cancellati immediatamente dopo l\u2019elaborazione. I dati potrebbero essere utilizzati per l\u2019accertamento di responsabilit\u00e0 in caso di ipotetici reati informatici ai danni del sito: salva questa eventualit\u00e0, allo stato i dati sui contatti web non persistono per pi\u00f9 di sette giorni.<\/p>\n<h4>Dati forniti volontariamente dall\u2019utente<\/h4>\n<p>L\u2019invio facoltativo, esplicito e volontario di posta elettronica agli indirizzi indicati su questo sito comporta la successiva acquisizione dell\u2019indirizzo del mittente, necessario per rispondere alle richieste, nonch\u00e9 degli eventuali altri dati personali inseriti nella missiva.<\/p>\n<p>Specifiche informative di sintesi verranno progressivamente riportate o visualizzate nelle pagine del sito predisposte per particolari servizi a richiesta.<\/p>\n<h2>Cookies<\/h2>\n<p>Nessun dato personale degli utenti viene in proposito acquisito dal sito.<\/p>\n<p>Non viene fatto uso di cookies per la trasmissione di informazioni di carattere personale, n\u00e9 vengono utilizzati c.d. cookies persistenti di alcun tipo, ovvero sistemi per il tracciamento degli utenti.<\/p>\n<p>L\u2019uso di c.d. cookies di sessione (che non vengono memorizzati in modo persistente sul computer dell\u2019utente e svaniscono con la chiusura del browser) \u00e8 strettamente limitato alla trasmissione di identificativi di sessione (costituiti da numeri casuali generati dal server) necessari per consentire l\u2019esplorazione sicura ed efficiente del sito.<\/p>\n<p>I c.d. cookies di sessione utilizzati in questo sito evitano il ricorso ad altre tecniche informatiche potenzialmente pregiudizievoli per la riservatezza della navigazione degli utenti e non consentono l\u2019acquisizione di dati personali identificativi dell\u2019utente.<\/p>\n<h2>Informazioni sulla privacy di Google Analytics<\/h2>\n<p>Questo sito web utilizza Google Analytics, un servizio di analisi web fornito da Google, Inc. (\u201cGoogle\u201d).<\/p>\n<p>Google Analytics utilizza dei \u201ccookies\u201d, che sono file di testo che vengono depositati sul Vostro computer per consentire al sito web di analizzare come gli utenti utilizzano il sito.<\/p>\n<p>Le informazioni generate dal cookie sull\u2019utilizzo del sito web da parte Vostra (compreso il Vostro indirizzo IP) verranno trasmesse e depositate presso i server di Google.<\/p>\n<p>Potete rifiutarvi di usare i cookies selezionando l\u2019impostazione appropriata sul vostro browser, ma ci\u00f2 potrebbe impedirvi di utilizzare tutte le funzionalit\u00e0 di questo sito web.<\/p>\n<p>Utilizzando il presente sito web, voi acconsentite al trattamento dei Vostri dati da parte di Google per le modalit\u00e0 e i fini sopraindicati.<\/p>\n<h2>Facoltativit\u00e0 del conferimento dei dati<\/h2>\n<p>A parte quanto specificato per i dati di navigazione, l\u2019utente \u00e8 libero di fornire i dati personali riportati nei moduli di richiesta all\u2019Hotel\u00a0o comunque indicati in Contatti per sollecitare l\u2019invio della newsletter, di materiale informativo o di altre comunicazioni.<\/p>\n<p>Il loro mancato conferimento pu\u00f2 comportare l\u2019impossibilit\u00e0 di ottenere quanto richiesto.<\/p>\n<p>Per completezza va ricordato che in alcuni casi (non oggetto dell\u2019ordinaria gestione di questo sito) l\u2019Autorit\u00e0 pu\u00f2 richiedere notizie e informazioni ai sensi dell\u2019articolo 157 del Codice in materia di protezione dei dati personali, ai fini del controllo sul trattamento dei dati personali. In questi casi la risposta \u00e8 obbligatoria a pena di sanzione amministrativa.<\/p>\n<h2>Modalit\u00e0 del trattamento<\/h2>\n<p>I dati personali sono trattati con strumenti automatizzati per il tempo strettamente necessario a conseguire gli scopi per cui sono stati raccolti.<\/p>\n<p>Specifiche misure di sicurezza sono osservate per prevenire la perdita dei dati, usi illeciti o non corretti ed accessi non autorizzati.<\/p>\n<h2>Diritti degli interessati<\/h2>\n<p>I soggetti cui si riferiscono i dati personali hanno il diritto in qualunque momento di ottenere la conferma dell\u2019esistenza o meno dei medesimi dati e di conoscerne il contenuto e l\u2019origine, verificarne l\u2019esattezza o chiederne l\u2019integrazione o l\u2019aggiornamento, oppure la rettificazione (articolo 7 del Codice in materia di protezione dei dati personali).<\/p>\n<p>Ai sensi del medesimo articolo si ha il diritto di chiedere la cancellazione, la trasformazione in forma anonima o il blocco dei dati trattati in violazione di legge, nonch\u00e9 di opporsi in ogni caso, per motivi legittimi, al loro trattamento.<\/p>\n<p>Le richieste vanno rivolte:<\/p>\n<ul>\n<li>Via e-mail, all\u2019indirizzo:\u00a0<a href=\"mailto:info@torosrl.it\">info@torosrl.it<\/a><\/li>\n<li>Oppure via posta a Toro S.r.L., che ha sede in indirizzo: Calata Capodichino, 266 &#8211; 80141 \u2013 Napoli (Na)<\/li>\n<\/ul>\n<h2>Note legali<\/h2>\n<p>Tutta la documentazione prelevabile da questo sito \u00e8 stata realizzata e controllata con la massima attenzione ma l\u2019utilizzatore \u00e8 sempre tenuto a controllarne l\u2019esattezza ed \u00e8 responsabile dell\u2019utilizzo.<\/p>\n<p>In caso di vizi Toro S.r.L. non assume alcuna responsabilit\u00e0 per danni diretti o indiretti subiti dall\u2019utente o da terzi in dipendenza dall\u2019uso o dal mancato uso delle informazioni prelevate.<\/p>\n<p>Nonostante i contenuti di queste pagine siano soggetti ad aggiornamento e verifica continua, possono comunque verificarsi errori e\/o omissioni.<\/p>\n<p>Accedendo a questo sito l\u2019utente implicitamente dichiara di aver letto, compreso ed accettato le informazioni riportate su Note Legali e Privacy e dichiara di osservare tutte le leggi ed i regolamenti ad esso applicabili.<\/p>\n<p>Se l\u2019utente non accetta queste condizioni non pu\u00f2 utilizzare questo sito.<\/p>\n","protected":false},"excerpt":{"rendered":"<p>Dati Societari: Toro S.r.L. Calata Capodichino, 266 80141 \u2013 Napoli, [&hellip;]<\/p>\n","protected":false},"author":1977,"featured_media":0,"parent":0,"menu_order":0,"comment_status":"closed","ping_status":"closed","template":"","meta":{"footnotes":""},"acf":[],"_links":{"self":[{"href":"https:\/\/www.torosrl.it\/it\/wp-json\/wp\/v2\/pages\/1369"}],"collection":[{"href":"https:\/\/www.torosrl.it\/it\/wp-json\/wp\/v2\/pages"}],"about":[{"href":"https:\/\/www.torosrl.it\/it\/wp-json\/wp\/v2\/types\/page"}],"author":[{"embeddable":true,"href":"https:\/\/www.torosrl.it\/it\/wp-json\/wp\/v2\/users\/1977"}],"replies":[{"embeddable":true,"href":"https:\/\/www.torosrl.it\/it\/wp-json\/wp\/v2\/comments?post=1369"}],"version-history":[{"count":3,"href":"https:\/\/www.torosrl.it\/it\/wp-json\/wp\/v2\/pages\/1369\/revisions"}],"predecessor-version":[{"id":3445,"href":"https:\/\/www.torosrl.it\/it\/wp-json\/wp\/v2\/pages\/1369\/revisions\/3445"}],"wp:attachment":[{"href":"https:\/\/www.torosrl.it\/it\/wp-json\/wp\/v2\/media?parent=1369"}],"curies":[{"name":"wp","href":"https:\/\/api.w.org\/{rel}","templated":true}]}}